{"id":680,"date":"2018-11-20T13:52:26","date_gmt":"2018-11-20T12:52:26","guid":{"rendered":"http:\/\/maiteduran.es\/aviso-legal\/"},"modified":"2026-03-05T15:49:14","modified_gmt":"2026-03-05T14:49:14","slug":"avis-legal","status":"publish","type":"page","link":"https:\/\/maiteduran.es\/ca\/avis-legal\/","title":{"rendered":"Av\u00eds Legal"},"content":{"rendered":"<p style=\"text-align: justify;\">Maria Teresa Duran Fabr\u00e9, amb CIF \/ NIF n\u00ba: 35081978D i adre\u00e7a al C \/ Joan G\u00fcell, N\u00ba220, Baixos., 08028 &#8211; Barcelona (Barcelona), no pot assumir cap responsabilitat derivada de l&#8217;\u00fas incorrecte, inapropiat o il\u00b7l\u00edcit de la informaci\u00f3 apareguda a les p\u00e0gines web de: <a href=\"http:\/\/maiteduran.es\/\">http:\/\/maiteduran.es\/<\/a>.<\/p>\n<p style=\"text-align: justify;\">Amb els l\u00edmits establerts a la llei, Maria Teresa Duran Fabr\u00e9 no assumeix cap responsabilitat derivada de la falta de veracitat, integritat, actualitzaci\u00f3 i precisi\u00f3 de les dades o informacions que contenen les seves p\u00e0gines web.<br \/>\nEls continguts i informaci\u00f3 no vinculen a Maria Teresa Duran Fabr\u00e9 ni constitueixen opinions, consells o assessorament legal de cap tipus ja que es tracta merament d&#8217;un servei ofert amb car\u00e0cter informatiu i divulgatiu.<\/p>\n<p style=\"text-align: justify;\">Les p\u00e0gines d&#8217;Internet de Maria Teresa Duran Fabr\u00e9 poden contenir enlla\u00e7os (links) a altres p\u00e0gines de terceres parts que Maria Teresa Duran Fabr\u00e9 no pot controlar. Per tant, Maria Teresa Duran Fabr\u00e9 no pot assumir responsabilitats pel contingut que pugui apar\u00e8ixer en p\u00e0gines de tercers. Els textos, imatges, sons, animacions, programari i la resta de continguts inclosos en aquest website s\u00f3n propietat exclusiva de Maria Teresa Duran Fabr\u00e9 o els seus llicenciants. Qualsevol acte de transmissi\u00f3, distribuci\u00f3, cessi\u00f3, reproducci\u00f3, emmagatzematge o comunicaci\u00f3 p\u00fablica total o parcial, ha de comptar amb el consentiment expr\u00e9s de Maria Teresa Duran Fabr\u00e9.<\/p>\n<p style=\"text-align: justify;\">Aix\u00ed mateix, per accedir a alguns dels serveis que Maria Teresa Duran Fabr\u00e9 ofereix a trav\u00e9s del lloc web, haur\u00e0 de proporcionar algunes dades de car\u00e0cter personal. En compliment del que estableix el Reglament (UE) 2016\/679 del Parlament Europeu i del Consell, de 27 d&#8217;abril de 2016, relatiu a la protecci\u00f3 de les persones f\u00edsiques pel que fa al tractament de dades personals ia la lliure circulaci\u00f3 de aquestes dades li informem que, mitjan\u00e7ant la complementaci\u00f3 dels presents formularis, les seves dades personals quedaran incorporades i seran tractades als fitxers de Maria Teresa Duran Fabr\u00e9 per tal de poder-li prestar i oferir els nostres serveis aix\u00ed com per informar de les millores del lloc web.<\/p>\n<p style=\"text-align: justify;\">L&#8217;informem tamb\u00e9 que t\u00e9 la possibilitat en tot moment d&#8217;exercir els drets d&#8217;acc\u00e9s, rectificaci\u00f3, cancel\u00b7laci\u00f3, oposici\u00f3, limitaci\u00f3 i portabilitat de les seves dades de car\u00e0cter personal, de manera gratu\u00efta mitjan\u00e7ant correu electr\u00f2nic a: <a href=\"mailto:mduranfa@gmail.com\">mduranfa@gmail.com<\/a> o a l&#8217;adre\u00e7a: C \/ Joan G\u00fcell, N\u00ba220, Baixos., 08028 &#8211; Barcelona (Barcelona).<\/p>\n","protected":false},"excerpt":{"rendered":"<p>Maria Teresa Duran Fabr\u00e9, amb CIF \/ NIF n\u00ba: 35081978D i adre\u00e7a al C \/ Joan G\u00fcell, N\u00ba220, Baixos., 08028 &#8211; Barcelona (Barcelona), no pot assumir cap responsabilitat derivada de l&#8217;\u00fas incorrecte, inapropiat o il\u00b7l\u00edcit de la informaci\u00f3 apareguda a les p\u00e0gines web de: http:\/\/maiteduran.es\/. Amb els l\u00edmits establerts a la llei, Maria Teresa Duran [&hellip;]<\/p>\n","protected":false},"author":1,"featured_media":0,"parent":0,"menu_order":0,"comment_status":"closed","ping_status":"closed","template":"","meta":{"footnotes":""},"class_list":["post-680","page","type-page","status-publish","hentry"],"yoast_head":"<!-- This site is optimized with the Yoast SEO plugin v27.1.1 - https:\/\/yoast.com\/product\/yoast-seo-wordpress\/ -->\n<title>Av\u00eds Legal - Maite Duran<\/title>\n<meta name=\"description\" content=\"Av\u00eds legal maiteduran.es\" \/>\n<meta name=\"robots\" content=\"index, follow, max-snippet:-1, max-image-preview:large, max-video-preview:-1\" \/>\n<link rel=\"canonical\" href=\"https:\/\/maiteduran.es\/ca\/avis-legal\/\" \/>\n<meta property=\"og:locale\" content=\"ca_ES\" \/>\n<meta property=\"og:type\" content=\"article\" \/>\n<meta property=\"og:title\" content=\"Av\u00eds Legal - Maite Duran\" \/>\n<meta property=\"og:description\" content=\"Av\u00eds legal maiteduran.es\" \/>\n<meta property=\"og:url\" content=\"https:\/\/maiteduran.es\/ca\/avis-legal\/\" \/>\n<meta property=\"og:site_name\" content=\"Maite Duran\" \/>\n<meta property=\"article:modified_time\" content=\"2026-03-05T14:49:14+00:00\" \/>\n<meta name=\"twitter:card\" content=\"summary_large_image\" \/>\n<meta name=\"twitter:label1\" content=\"Temps estimat de lectura\" \/>\n\t<meta name=\"twitter:data1\" content=\"2 minuts\" \/>\n<script type=\"application\/ld+json\" class=\"yoast-schema-graph\">{\"@context\":\"https:\/\/schema.org\",\"@graph\":[{\"@type\":\"WebPage\",\"@id\":\"https:\/\/maiteduran.es\/ca\/avis-legal\/\",\"url\":\"https:\/\/maiteduran.es\/ca\/avis-legal\/\",\"name\":\"Av\u00eds Legal - Maite Duran\",\"isPartOf\":{\"@id\":\"https:\/\/maiteduran.es\/ca\/#website\"},\"datePublished\":\"2018-11-20T12:52:26+00:00\",\"dateModified\":\"2026-03-05T14:49:14+00:00\",\"description\":\"Av\u00eds legal maiteduran.es\",\"breadcrumb\":{\"@id\":\"https:\/\/maiteduran.es\/ca\/avis-legal\/#breadcrumb\"},\"inLanguage\":\"ca\",\"potentialAction\":[{\"@type\":\"ReadAction\",\"target\":[\"https:\/\/maiteduran.es\/ca\/avis-legal\/\"]}]},{\"@type\":\"BreadcrumbList\",\"@id\":\"https:\/\/maiteduran.es\/ca\/avis-legal\/#breadcrumb\",\"itemListElement\":[{\"@type\":\"ListItem\",\"position\":1,\"name\":\"Portada\",\"item\":\"https:\/\/maiteduran.es\/ca\/\"},{\"@type\":\"ListItem\",\"position\":2,\"name\":\"Av\u00eds Legal\"}]},{\"@type\":\"WebSite\",\"@id\":\"https:\/\/maiteduran.es\/ca\/#website\",\"url\":\"https:\/\/maiteduran.es\/ca\/\",\"name\":\"Maite Duran\",\"description\":\"\",\"publisher\":{\"@id\":\"https:\/\/maiteduran.es\/ca\/#organization\"},\"potentialAction\":[{\"@type\":\"SearchAction\",\"target\":{\"@type\":\"EntryPoint\",\"urlTemplate\":\"https:\/\/maiteduran.es\/ca\/?s={search_term_string}\"},\"query-input\":{\"@type\":\"PropertyValueSpecification\",\"valueRequired\":true,\"valueName\":\"search_term_string\"}}],\"inLanguage\":\"ca\"},{\"@type\":\"Organization\",\"@id\":\"https:\/\/maiteduran.es\/ca\/#organization\",\"name\":\"Maite Duran\",\"url\":\"https:\/\/maiteduran.es\/ca\/\",\"logo\":{\"@type\":\"ImageObject\",\"inLanguage\":\"ca\",\"@id\":\"https:\/\/maiteduran.es\/ca\/#\/schema\/logo\/image\/\",\"url\":\"https:\/\/maiteduran.es\/wp-content\/uploads\/2022\/03\/logo-maiteduran-web.png\",\"contentUrl\":\"https:\/\/maiteduran.es\/wp-content\/uploads\/2022\/03\/logo-maiteduran-web.png\",\"width\":864,\"height\":226,\"caption\":\"Maite Duran\"},\"image\":{\"@id\":\"https:\/\/maiteduran.es\/ca\/#\/schema\/logo\/image\/\"}}]}<\/script>\n<!-- \/ Yoast SEO plugin. -->","yoast_head_json":{"title":"Av\u00eds Legal - Maite Duran","description":"Av\u00eds legal maiteduran.es","robots":{"index":"index","follow":"follow","max-snippet":"max-snippet:-1","max-image-preview":"max-image-preview:large","max-video-preview":"max-video-preview:-1"},"canonical":"https:\/\/maiteduran.es\/ca\/avis-legal\/","og_locale":"ca_ES","og_type":"article","og_title":"Av\u00eds Legal - Maite Duran","og_description":"Av\u00eds legal maiteduran.es","og_url":"https:\/\/maiteduran.es\/ca\/avis-legal\/","og_site_name":"Maite Duran","article_modified_time":"2026-03-05T14:49:14+00:00","twitter_card":"summary_large_image","twitter_misc":{"Temps estimat de lectura":"2 minuts"},"schema":{"@context":"https:\/\/schema.org","@graph":[{"@type":"WebPage","@id":"https:\/\/maiteduran.es\/ca\/avis-legal\/","url":"https:\/\/maiteduran.es\/ca\/avis-legal\/","name":"Av\u00eds Legal - Maite Duran","isPartOf":{"@id":"https:\/\/maiteduran.es\/ca\/#website"},"datePublished":"2018-11-20T12:52:26+00:00","dateModified":"2026-03-05T14:49:14+00:00","description":"Av\u00eds legal maiteduran.es","breadcrumb":{"@id":"https:\/\/maiteduran.es\/ca\/avis-legal\/#breadcrumb"},"inLanguage":"ca","potentialAction":[{"@type":"ReadAction","target":["https:\/\/maiteduran.es\/ca\/avis-legal\/"]}]},{"@type":"BreadcrumbList","@id":"https:\/\/maiteduran.es\/ca\/avis-legal\/#breadcrumb","itemListElement":[{"@type":"ListItem","position":1,"name":"Portada","item":"https:\/\/maiteduran.es\/ca\/"},{"@type":"ListItem","position":2,"name":"Av\u00eds Legal"}]},{"@type":"WebSite","@id":"https:\/\/maiteduran.es\/ca\/#website","url":"https:\/\/maiteduran.es\/ca\/","name":"Maite Duran","description":"","publisher":{"@id":"https:\/\/maiteduran.es\/ca\/#organization"},"potentialAction":[{"@type":"SearchAction","target":{"@type":"EntryPoint","urlTemplate":"https:\/\/maiteduran.es\/ca\/?s={search_term_string}"},"query-input":{"@type":"PropertyValueSpecification","valueRequired":true,"valueName":"search_term_string"}}],"inLanguage":"ca"},{"@type":"Organization","@id":"https:\/\/maiteduran.es\/ca\/#organization","name":"Maite Duran","url":"https:\/\/maiteduran.es\/ca\/","logo":{"@type":"ImageObject","inLanguage":"ca","@id":"https:\/\/maiteduran.es\/ca\/#\/schema\/logo\/image\/","url":"https:\/\/maiteduran.es\/wp-content\/uploads\/2022\/03\/logo-maiteduran-web.png","contentUrl":"https:\/\/maiteduran.es\/wp-content\/uploads\/2022\/03\/logo-maiteduran-web.png","width":864,"height":226,"caption":"Maite Duran"},"image":{"@id":"https:\/\/maiteduran.es\/ca\/#\/schema\/logo\/image\/"}}]}},"_links":{"self":[{"href":"https:\/\/maiteduran.es\/ca\/wp-json\/wp\/v2\/pages\/680","targetHints":{"allow":["GET"]}}],"collection":[{"href":"https:\/\/maiteduran.es\/ca\/wp-json\/wp\/v2\/pages"}],"about":[{"href":"https:\/\/maiteduran.es\/ca\/wp-json\/wp\/v2\/types\/page"}],"author":[{"embeddable":true,"href":"https:\/\/maiteduran.es\/ca\/wp-json\/wp\/v2\/users\/1"}],"replies":[{"embeddable":true,"href":"https:\/\/maiteduran.es\/ca\/wp-json\/wp\/v2\/comments?post=680"}],"version-history":[{"count":1,"href":"https:\/\/maiteduran.es\/ca\/wp-json\/wp\/v2\/pages\/680\/revisions"}],"predecessor-version":[{"id":24822,"href":"https:\/\/maiteduran.es\/ca\/wp-json\/wp\/v2\/pages\/680\/revisions\/24822"}],"wp:attachment":[{"href":"https:\/\/maiteduran.es\/ca\/wp-json\/wp\/v2\/media?parent=680"}],"curies":[{"name":"wp","href":"https:\/\/api.w.org\/{rel}","templated":true}]}}