{"id":275,"date":"2014-10-14T10:29:14","date_gmt":"2014-10-14T08:29:14","guid":{"rendered":"http:\/\/maiteduran.es.mialias.net\/agradecimientos-2\/"},"modified":"2026-03-11T14:19:57","modified_gmt":"2026-03-11T13:19:57","slug":"agraiments","status":"publish","type":"page","link":"https:\/\/maiteduran.es\/ca\/agraiments\/","title":{"rendered":"Agra\u00efments"},"content":{"rendered":"<p style=\"text-align: justify;\">Arribar fins aqu\u00ed no hagu\u00e9s estat possible de no ser pel recolzament de les persones que, d\u2019una forma o una altra han estat i estan presents a la meva vida:<\/p>\n<ul>\n<li style=\"text-align: justify;\">Gr\u00e0cies als meus fills, per ser els meus grans mestres.<\/li>\n<li style=\"text-align: justify;\">Gr\u00e0cies als meus amics per animar-me a seguir i estar aqu\u00ed.<\/li>\n<li style=\"text-align: justify;\">Gr\u00e0cies als meus companys de professi\u00f3 per creure en mi i compartir hores de xerrada, formaci\u00f3, experi\u00e8ncies i rialles: junts creixem!!<\/li>\n<li style=\"text-align: justify;\">Vull expressar el meu agra\u00efment a totes les persones que, en algun moment, han confiat i confien en mi per acompanyar-les en el proc\u00e9s. Cada hist\u00f2ria compartida, cada pas fet i cada moment viscut a consulta \u00e9s un veritable privilegi. Gr\u00e0cies per la confian\u00e7a, l&#8217;obertura i l&#8217;aprenentatge que em doneu. Els vostres processos, la vostra valentia i la vostra capacitat de canvi s\u00f3n una font constant d&#8217;inspiraci\u00f3 i creixement en la meva feina.<\/li>\n<li style=\"text-align: justify;\">Vull agrair tamb\u00e9 a les empreses i organitzacions que han confiat i confien en la meva feina per acompanyar processos de formaci\u00f3 i desenvolupament. Col\u00b7laborar amb equips professionals i contribuir al benestar i el creixement de les persones en l&#8217;\u00e0mbit laboral \u00e9s una experi\u00e8ncia molt enriquidora.<\/li>\n<li style=\"text-align: justify;\">Gr\u00e0cies tamb\u00e9 als estudiants, el seu inter\u00e8s, les seves preguntes i la seva mirada cr\u00edtica em porten a seguir formulant-me preguntes.<\/li>\n<li style=\"text-align: justify;\">Gr\u00e0cies tamb\u00e9 a Carles Sanabre i al seu equip per posar el seu afecte i professionalitat en fer aquesta web.<\/li>\n<\/ul>\n","protected":false},"excerpt":{"rendered":"<p>Arribar fins aqu\u00ed no hagu\u00e9s estat possible de no ser pel recolzament de les persones que, d\u2019una forma o una altra han estat i estan presents a la meva vida: Gr\u00e0cies als meus fills, per ser els meus grans mestres. Gr\u00e0cies als meus amics per animar-me a seguir i estar aqu\u00ed. Gr\u00e0cies als meus companys [&hellip;]<\/p>\n","protected":false},"author":1,"featured_media":0,"parent":0,"menu_order":0,"comment_status":"closed","ping_status":"open","template":"","meta":{"footnotes":""},"class_list":["post-275","page","type-page","status-publish","hentry"],"yoast_head":"<!-- This site is optimized with the Yoast SEO plugin v27.1.1 - https:\/\/yoast.com\/product\/yoast-seo-wordpress\/ -->\n<title>Els meus agra\u00efments | Maite Dur\u00e1n<\/title>\n<meta name=\"description\" content=\"Arribar fins aqu\u00ed no hagu\u00e9s estat possible sense tenir el suport de les persones que estan o han estat presents en la meva vida: Gr\u00e0cies a tots.\" \/>\n<meta name=\"robots\" content=\"index, follow, max-snippet:-1, max-image-preview:large, max-video-preview:-1\" \/>\n<link rel=\"canonical\" href=\"https:\/\/maiteduran.es\/ca\/agraiments\/\" \/>\n<meta property=\"og:locale\" content=\"ca_ES\" \/>\n<meta property=\"og:type\" content=\"article\" \/>\n<meta property=\"og:title\" content=\"Els meus agra\u00efments | Maite Dur\u00e1n\" \/>\n<meta property=\"og:description\" content=\"Arribar fins aqu\u00ed no hagu\u00e9s estat possible sense tenir el suport de les persones que estan o han estat presents en la meva vida: Gr\u00e0cies a tots.\" \/>\n<meta property=\"og:url\" content=\"https:\/\/maiteduran.es\/ca\/agraiments\/\" \/>\n<meta property=\"og:site_name\" content=\"Maite Duran\" \/>\n<meta property=\"article:modified_time\" content=\"2026-03-11T13:19:57+00:00\" \/>\n<meta name=\"twitter:card\" content=\"summary_large_image\" \/>\n<meta name=\"twitter:label1\" content=\"Temps estimat de lectura\" \/>\n\t<meta name=\"twitter:data1\" content=\"2 minuts\" \/>\n<script type=\"application\/ld+json\" class=\"yoast-schema-graph\">{\"@context\":\"https:\/\/schema.org\",\"@graph\":[{\"@type\":\"WebPage\",\"@id\":\"https:\/\/maiteduran.es\/ca\/agraiments\/\",\"url\":\"https:\/\/maiteduran.es\/ca\/agraiments\/\",\"name\":\"Els meus agra\u00efments | Maite Dur\u00e1n\",\"isPartOf\":{\"@id\":\"https:\/\/maiteduran.es\/ca\/#website\"},\"datePublished\":\"2014-10-14T08:29:14+00:00\",\"dateModified\":\"2026-03-11T13:19:57+00:00\",\"description\":\"Arribar fins aqu\u00ed no hagu\u00e9s estat possible sense tenir el suport de les persones que estan o han estat presents en la meva vida: Gr\u00e0cies a tots.\",\"breadcrumb\":{\"@id\":\"https:\/\/maiteduran.es\/ca\/agraiments\/#breadcrumb\"},\"inLanguage\":\"ca\",\"potentialAction\":[{\"@type\":\"ReadAction\",\"target\":[\"https:\/\/maiteduran.es\/ca\/agraiments\/\"]}]},{\"@type\":\"BreadcrumbList\",\"@id\":\"https:\/\/maiteduran.es\/ca\/agraiments\/#breadcrumb\",\"itemListElement\":[{\"@type\":\"ListItem\",\"position\":1,\"name\":\"Portada\",\"item\":\"https:\/\/maiteduran.es\/ca\/\"},{\"@type\":\"ListItem\",\"position\":2,\"name\":\"Agra\u00efments\"}]},{\"@type\":\"WebSite\",\"@id\":\"https:\/\/maiteduran.es\/ca\/#website\",\"url\":\"https:\/\/maiteduran.es\/ca\/\",\"name\":\"Maite Duran\",\"description\":\"\",\"publisher\":{\"@id\":\"https:\/\/maiteduran.es\/ca\/#organization\"},\"potentialAction\":[{\"@type\":\"SearchAction\",\"target\":{\"@type\":\"EntryPoint\",\"urlTemplate\":\"https:\/\/maiteduran.es\/ca\/?s={search_term_string}\"},\"query-input\":{\"@type\":\"PropertyValueSpecification\",\"valueRequired\":true,\"valueName\":\"search_term_string\"}}],\"inLanguage\":\"ca\"},{\"@type\":\"Organization\",\"@id\":\"https:\/\/maiteduran.es\/ca\/#organization\",\"name\":\"Maite Duran\",\"url\":\"https:\/\/maiteduran.es\/ca\/\",\"logo\":{\"@type\":\"ImageObject\",\"inLanguage\":\"ca\",\"@id\":\"https:\/\/maiteduran.es\/ca\/#\/schema\/logo\/image\/\",\"url\":\"https:\/\/maiteduran.es\/wp-content\/uploads\/2022\/03\/logo-maiteduran-web.png\",\"contentUrl\":\"https:\/\/maiteduran.es\/wp-content\/uploads\/2022\/03\/logo-maiteduran-web.png\",\"width\":864,\"height\":226,\"caption\":\"Maite Duran\"},\"image\":{\"@id\":\"https:\/\/maiteduran.es\/ca\/#\/schema\/logo\/image\/\"}}]}<\/script>\n<!-- \/ Yoast SEO plugin. -->","yoast_head_json":{"title":"Els meus agra\u00efments | Maite Dur\u00e1n","description":"Arribar fins aqu\u00ed no hagu\u00e9s estat possible sense tenir el suport de les persones que estan o han estat presents en la meva vida: Gr\u00e0cies a tots.","robots":{"index":"index","follow":"follow","max-snippet":"max-snippet:-1","max-image-preview":"max-image-preview:large","max-video-preview":"max-video-preview:-1"},"canonical":"https:\/\/maiteduran.es\/ca\/agraiments\/","og_locale":"ca_ES","og_type":"article","og_title":"Els meus agra\u00efments | Maite Dur\u00e1n","og_description":"Arribar fins aqu\u00ed no hagu\u00e9s estat possible sense tenir el suport de les persones que estan o han estat presents en la meva vida: Gr\u00e0cies a tots.","og_url":"https:\/\/maiteduran.es\/ca\/agraiments\/","og_site_name":"Maite Duran","article_modified_time":"2026-03-11T13:19:57+00:00","twitter_card":"summary_large_image","twitter_misc":{"Temps estimat de lectura":"2 minuts"},"schema":{"@context":"https:\/\/schema.org","@graph":[{"@type":"WebPage","@id":"https:\/\/maiteduran.es\/ca\/agraiments\/","url":"https:\/\/maiteduran.es\/ca\/agraiments\/","name":"Els meus agra\u00efments | Maite Dur\u00e1n","isPartOf":{"@id":"https:\/\/maiteduran.es\/ca\/#website"},"datePublished":"2014-10-14T08:29:14+00:00","dateModified":"2026-03-11T13:19:57+00:00","description":"Arribar fins aqu\u00ed no hagu\u00e9s estat possible sense tenir el suport de les persones que estan o han estat presents en la meva vida: Gr\u00e0cies a tots.","breadcrumb":{"@id":"https:\/\/maiteduran.es\/ca\/agraiments\/#breadcrumb"},"inLanguage":"ca","potentialAction":[{"@type":"ReadAction","target":["https:\/\/maiteduran.es\/ca\/agraiments\/"]}]},{"@type":"BreadcrumbList","@id":"https:\/\/maiteduran.es\/ca\/agraiments\/#breadcrumb","itemListElement":[{"@type":"ListItem","position":1,"name":"Portada","item":"https:\/\/maiteduran.es\/ca\/"},{"@type":"ListItem","position":2,"name":"Agra\u00efments"}]},{"@type":"WebSite","@id":"https:\/\/maiteduran.es\/ca\/#website","url":"https:\/\/maiteduran.es\/ca\/","name":"Maite Duran","description":"","publisher":{"@id":"https:\/\/maiteduran.es\/ca\/#organization"},"potentialAction":[{"@type":"SearchAction","target":{"@type":"EntryPoint","urlTemplate":"https:\/\/maiteduran.es\/ca\/?s={search_term_string}"},"query-input":{"@type":"PropertyValueSpecification","valueRequired":true,"valueName":"search_term_string"}}],"inLanguage":"ca"},{"@type":"Organization","@id":"https:\/\/maiteduran.es\/ca\/#organization","name":"Maite Duran","url":"https:\/\/maiteduran.es\/ca\/","logo":{"@type":"ImageObject","inLanguage":"ca","@id":"https:\/\/maiteduran.es\/ca\/#\/schema\/logo\/image\/","url":"https:\/\/maiteduran.es\/wp-content\/uploads\/2022\/03\/logo-maiteduran-web.png","contentUrl":"https:\/\/maiteduran.es\/wp-content\/uploads\/2022\/03\/logo-maiteduran-web.png","width":864,"height":226,"caption":"Maite Duran"},"image":{"@id":"https:\/\/maiteduran.es\/ca\/#\/schema\/logo\/image\/"}}]}},"_links":{"self":[{"href":"https:\/\/maiteduran.es\/ca\/wp-json\/wp\/v2\/pages\/275","targetHints":{"allow":["GET"]}}],"collection":[{"href":"https:\/\/maiteduran.es\/ca\/wp-json\/wp\/v2\/pages"}],"about":[{"href":"https:\/\/maiteduran.es\/ca\/wp-json\/wp\/v2\/types\/page"}],"author":[{"embeddable":true,"href":"https:\/\/maiteduran.es\/ca\/wp-json\/wp\/v2\/users\/1"}],"replies":[{"embeddable":true,"href":"https:\/\/maiteduran.es\/ca\/wp-json\/wp\/v2\/comments?post=275"}],"version-history":[{"count":2,"href":"https:\/\/maiteduran.es\/ca\/wp-json\/wp\/v2\/pages\/275\/revisions"}],"predecessor-version":[{"id":25567,"href":"https:\/\/maiteduran.es\/ca\/wp-json\/wp\/v2\/pages\/275\/revisions\/25567"}],"wp:attachment":[{"href":"https:\/\/maiteduran.es\/ca\/wp-json\/wp\/v2\/media?parent=275"}],"curies":[{"name":"wp","href":"https:\/\/api.w.org\/{rel}","templated":true}]}}