{"id":25332,"date":"2025-01-28T07:14:16","date_gmt":"2025-01-28T06:14:16","guid":{"rendered":"https:\/\/maiteduran.es\/newsletter-signup\/"},"modified":"2026-03-06T17:53:13","modified_gmt":"2026-03-06T16:53:13","slug":"subscripcio-newsletter","status":"publish","type":"page","link":"https:\/\/maiteduran.es\/ca\/subscripcio-newsletter\/","title":{"rendered":"Subscripci\u00f3 a la Newsletter"},"content":{"rendered":"\n<div class=\"wp-block-group alignfull has-bbe-gradient-7-gradient-background has-background has-global-padding is-layout-constrained wp-block-group-is-layout-constrained\" style=\"padding-top:var(--wp--preset--spacing--bbe-140);padding-bottom:var(--wp--preset--spacing--bbe-140)\">\n<div class=\"wp-block-group alignwide has-bbe-neutral-000-background-color has-background is-content-justification-space-between is-nowrap is-layout-flex wp-container-core-group-is-layout-94ed1d2d wp-block-group-is-layout-flex wpbbe-3\" style=\"min-height:500px;margin-top:0;margin-bottom:0;padding-top:0;padding-right:0;padding-bottom:0;padding-left:0;box-shadow:var(--wp--preset--shadow--natural)\">\n<div class=\"wp-block-group wp-container-content-0733e5d0 is-vertical is-content-justification-stretch is-nowrap is-layout-flex wp-container-core-group-is-layout-56f72e02 wp-block-group-is-layout-flex\" style=\"padding-top:var(--wp--preset--spacing--bbe-100);padding-right:var(--wp--preset--spacing--bbe-100);padding-bottom:var(--wp--preset--spacing--bbe-100);padding-left:var(--wp--preset--spacing--bbe-100)\">\n<div class=\"wp-block-group has-global-padding is-layout-constrained wp-container-core-group-is-layout-6d2ecc54 wp-block-group-is-layout-constrained\">\n<h2 class=\"wp-block-heading has-bbe-title-4-font-size\">Subscripci\u00f3 newsletter<\/h2>\n\n\n\n<p class=\"has-bbe-neutral-700-color has-text-color has-link-color wp-elements-0134ea5a281f44fb3dc22626d63445b7\">Subscriu-te al meu butllet\u00ed per rebre consells gratu\u00efts mensuals que t&#8217;ajudaran a millorar la teva salut, felicitat i rendiment.<\/p>\n<\/div>\n\n\n<div class=\"wpbbe-1 wp-elements-fa7c3bdf1f027bbe189326548fcfabf2 wp-block-wpbbe-contact-form-7 has-text-color has-bbe-neutral-700-color has-bbe-medium-font-size has-wpbbe-cf7-styles\">\n<div class=\"wpcf7 no-js\" id=\"wpcf7-f25340-o1\" lang=\"ca\" dir=\"ltr\" data-wpcf7-id=\"25340\">\n<div class=\"screen-reader-response\"><p role=\"status\" aria-live=\"polite\" aria-atomic=\"true\"><\/p> <ul><\/ul><\/div>\n<form action=\"\/ca\/wp-json\/wp\/v2\/pages\/25332#wpcf7-f25340-o1\" method=\"post\" class=\"wpcf7-form init\" aria-label=\"Formulari de contacte\" novalidate=\"novalidate\" data-status=\"init\">\n<fieldset class=\"hidden-fields-container\"><input type=\"hidden\" name=\"_wpcf7\" value=\"25340\" \/><input type=\"hidden\" name=\"_wpcf7_version\" value=\"6.1.5\" \/><input type=\"hidden\" name=\"_wpcf7_locale\" value=\"ca\" \/><input type=\"hidden\" name=\"_wpcf7_unit_tag\" value=\"wpcf7-f25340-o1\" \/><input type=\"hidden\" name=\"_wpcf7_container_post\" value=\"0\" \/><input type=\"hidden\" name=\"_wpcf7_posted_data_hash\" value=\"\" \/><input type=\"hidden\" name=\"_wpcf7_recaptcha_response\" value=\"\" \/>\n<\/fieldset>\n<p><label> Correu electr\u00f2nic<br \/>\n<span class=\"wpcf7-form-control-wrap\" data-name=\"your-email\"><input size=\"40\" maxlength=\"400\" class=\"wpcf7-form-control wpcf7-email wpcf7-validates-as-required wpcf7-text wpcf7-validates-as-email\" autocomplete=\"email\" aria-required=\"true\" aria-invalid=\"false\" value=\"\" type=\"email\" name=\"your-email\" \/><\/span> <\/label><br \/>\n<span class=\"wpcf7-form-control-wrap\" data-name=\"acceptance-866\"><span class=\"wpcf7-form-control wpcf7-acceptance\"><span class=\"wpcf7-list-item\"><label><input type=\"checkbox\" name=\"acceptance-866\" value=\"1\" aria-invalid=\"false\" \/><span class=\"wpcf7-list-item-label\">He llegit i accepto la <a style=\"color:#38b2c5;\" href=\"\/ca\/politica-de-privacitat\" target=\"_blank\">Pol\u00edtica de Privacitat<\/a><\/span><\/label><\/span><\/span><\/span>\n<\/p>\n<p><input class=\"wpcf7-form-control wpcf7-submit has-spinner\" type=\"submit\" value=\"Subscriu-me!\" \/>\n<\/p><div class=\"wpcf7-response-output\" aria-hidden=\"true\"><\/div>\n<\/form>\n<\/div>\n<\/div><\/div>\n\n\n\n<div class=\"wp-block-group wp-container-content-0733e5d0 is-vertical is-content-justification-stretch is-layout-flex wp-container-core-group-is-layout-4cb539e6 wp-block-group-is-layout-flex has-background wpbbe__flex-item-prevent-shrinking\" style=\"padding-top:0;padding-right:0;padding-bottom:0;padding-left:0;background-image:url(&apos;https:\/\/maiteduran.es\/wp-content\/uploads\/2014\/09\/psicoterapia.jpg&apos;);background-position:86% 53%;background-size:cover;\">\n<div style=\"height:0px\" aria-hidden=\"true\" class=\"wp-block-spacer wp-container-content-b04ba3db\"><\/div>\n\n\n\n<div style=\"height:0px\" aria-hidden=\"true\" class=\"wp-block-spacer wp-container-content-1387b69e wpbbe-2\"><\/div>\n<\/div>\n<\/div>\n<\/div>\n","protected":false},"excerpt":{"rendered":"<p>Subscripci\u00f3 newsletter Subscriu-te al meu butllet\u00ed per rebre consells gratu\u00efts mensuals que t&#8217;ajudaran a millorar la teva salut, felicitat i rendiment.<\/p>\n","protected":false},"author":1,"featured_media":0,"parent":0,"menu_order":7,"comment_status":"closed","ping_status":"closed","template":"wp-custom-template-canvas","meta":{"footnotes":""},"class_list":["post-25332","page","type-page","status-publish","hentry"],"yoast_head":"<!-- This site is optimized with the Yoast SEO plugin v27.1.1 - https:\/\/yoast.com\/product\/yoast-seo-wordpress\/ -->\n<title>Subscripci\u00f3 a la Newsletter - Maite Duran<\/title>\n<meta name=\"robots\" content=\"index, follow, max-snippet:-1, max-image-preview:large, max-video-preview:-1\" \/>\n<link rel=\"canonical\" href=\"https:\/\/maiteduran.es\/ca\/subscripcio-newsletter\/\" \/>\n<meta property=\"og:locale\" content=\"ca_ES\" \/>\n<meta property=\"og:type\" content=\"article\" \/>\n<meta property=\"og:title\" content=\"Subscripci\u00f3 a la Newsletter - Maite Duran\" \/>\n<meta property=\"og:description\" content=\"Subscripci\u00f3 newsletter Subscriu-te al meu butllet\u00ed per rebre consells gratu\u00efts mensuals que t&#8217;ajudaran a millorar la teva salut, felicitat i rendiment.\" \/>\n<meta property=\"og:url\" content=\"https:\/\/maiteduran.es\/ca\/subscripcio-newsletter\/\" \/>\n<meta property=\"og:site_name\" content=\"Maite Duran\" \/>\n<meta property=\"article:modified_time\" content=\"2026-03-06T16:53:13+00:00\" \/>\n<meta name=\"twitter:card\" content=\"summary_large_image\" \/>\n<meta name=\"twitter:label1\" content=\"Temps estimat de lectura\" \/>\n\t<meta name=\"twitter:data1\" content=\"1 minut\" \/>\n<script type=\"application\/ld+json\" class=\"yoast-schema-graph\">{\"@context\":\"https:\/\/schema.org\",\"@graph\":[{\"@type\":\"WebPage\",\"@id\":\"https:\/\/maiteduran.es\/ca\/subscripcio-newsletter\/\",\"url\":\"https:\/\/maiteduran.es\/ca\/subscripcio-newsletter\/\",\"name\":\"Subscripci\u00f3 a la Newsletter - Maite Duran\",\"isPartOf\":{\"@id\":\"https:\/\/maiteduran.es\/ca\/#website\"},\"datePublished\":\"2025-01-28T06:14:16+00:00\",\"dateModified\":\"2026-03-06T16:53:13+00:00\",\"breadcrumb\":{\"@id\":\"https:\/\/maiteduran.es\/ca\/subscripcio-newsletter\/#breadcrumb\"},\"inLanguage\":\"ca\",\"potentialAction\":[{\"@type\":\"ReadAction\",\"target\":[\"https:\/\/maiteduran.es\/ca\/subscripcio-newsletter\/\"]}]},{\"@type\":\"BreadcrumbList\",\"@id\":\"https:\/\/maiteduran.es\/ca\/subscripcio-newsletter\/#breadcrumb\",\"itemListElement\":[{\"@type\":\"ListItem\",\"position\":1,\"name\":\"Portada\",\"item\":\"https:\/\/maiteduran.es\/ca\/\"},{\"@type\":\"ListItem\",\"position\":2,\"name\":\"Subscripci\u00f3 a la Newsletter\"}]},{\"@type\":\"WebSite\",\"@id\":\"https:\/\/maiteduran.es\/ca\/#website\",\"url\":\"https:\/\/maiteduran.es\/ca\/\",\"name\":\"Maite Duran\",\"description\":\"\",\"publisher\":{\"@id\":\"https:\/\/maiteduran.es\/ca\/#organization\"},\"potentialAction\":[{\"@type\":\"SearchAction\",\"target\":{\"@type\":\"EntryPoint\",\"urlTemplate\":\"https:\/\/maiteduran.es\/ca\/?s={search_term_string}\"},\"query-input\":{\"@type\":\"PropertyValueSpecification\",\"valueRequired\":true,\"valueName\":\"search_term_string\"}}],\"inLanguage\":\"ca\"},{\"@type\":\"Organization\",\"@id\":\"https:\/\/maiteduran.es\/ca\/#organization\",\"name\":\"Maite Duran\",\"url\":\"https:\/\/maiteduran.es\/ca\/\",\"logo\":{\"@type\":\"ImageObject\",\"inLanguage\":\"ca\",\"@id\":\"https:\/\/maiteduran.es\/ca\/#\/schema\/logo\/image\/\",\"url\":\"https:\/\/maiteduran.es\/wp-content\/uploads\/2022\/03\/logo-maiteduran-web.png\",\"contentUrl\":\"https:\/\/maiteduran.es\/wp-content\/uploads\/2022\/03\/logo-maiteduran-web.png\",\"width\":864,\"height\":226,\"caption\":\"Maite Duran\"},\"image\":{\"@id\":\"https:\/\/maiteduran.es\/ca\/#\/schema\/logo\/image\/\"}}]}<\/script>\n<!-- \/ Yoast SEO plugin. -->","yoast_head_json":{"title":"Subscripci\u00f3 a la Newsletter - Maite Duran","robots":{"index":"index","follow":"follow","max-snippet":"max-snippet:-1","max-image-preview":"max-image-preview:large","max-video-preview":"max-video-preview:-1"},"canonical":"https:\/\/maiteduran.es\/ca\/subscripcio-newsletter\/","og_locale":"ca_ES","og_type":"article","og_title":"Subscripci\u00f3 a la Newsletter - Maite Duran","og_description":"Subscripci\u00f3 newsletter Subscriu-te al meu butllet\u00ed per rebre consells gratu\u00efts mensuals que t&#8217;ajudaran a millorar la teva salut, felicitat i rendiment.","og_url":"https:\/\/maiteduran.es\/ca\/subscripcio-newsletter\/","og_site_name":"Maite Duran","article_modified_time":"2026-03-06T16:53:13+00:00","twitter_card":"summary_large_image","twitter_misc":{"Temps estimat de lectura":"1 minut"},"schema":{"@context":"https:\/\/schema.org","@graph":[{"@type":"WebPage","@id":"https:\/\/maiteduran.es\/ca\/subscripcio-newsletter\/","url":"https:\/\/maiteduran.es\/ca\/subscripcio-newsletter\/","name":"Subscripci\u00f3 a la Newsletter - Maite Duran","isPartOf":{"@id":"https:\/\/maiteduran.es\/ca\/#website"},"datePublished":"2025-01-28T06:14:16+00:00","dateModified":"2026-03-06T16:53:13+00:00","breadcrumb":{"@id":"https:\/\/maiteduran.es\/ca\/subscripcio-newsletter\/#breadcrumb"},"inLanguage":"ca","potentialAction":[{"@type":"ReadAction","target":["https:\/\/maiteduran.es\/ca\/subscripcio-newsletter\/"]}]},{"@type":"BreadcrumbList","@id":"https:\/\/maiteduran.es\/ca\/subscripcio-newsletter\/#breadcrumb","itemListElement":[{"@type":"ListItem","position":1,"name":"Portada","item":"https:\/\/maiteduran.es\/ca\/"},{"@type":"ListItem","position":2,"name":"Subscripci\u00f3 a la Newsletter"}]},{"@type":"WebSite","@id":"https:\/\/maiteduran.es\/ca\/#website","url":"https:\/\/maiteduran.es\/ca\/","name":"Maite Duran","description":"","publisher":{"@id":"https:\/\/maiteduran.es\/ca\/#organization"},"potentialAction":[{"@type":"SearchAction","target":{"@type":"EntryPoint","urlTemplate":"https:\/\/maiteduran.es\/ca\/?s={search_term_string}"},"query-input":{"@type":"PropertyValueSpecification","valueRequired":true,"valueName":"search_term_string"}}],"inLanguage":"ca"},{"@type":"Organization","@id":"https:\/\/maiteduran.es\/ca\/#organization","name":"Maite Duran","url":"https:\/\/maiteduran.es\/ca\/","logo":{"@type":"ImageObject","inLanguage":"ca","@id":"https:\/\/maiteduran.es\/ca\/#\/schema\/logo\/image\/","url":"https:\/\/maiteduran.es\/wp-content\/uploads\/2022\/03\/logo-maiteduran-web.png","contentUrl":"https:\/\/maiteduran.es\/wp-content\/uploads\/2022\/03\/logo-maiteduran-web.png","width":864,"height":226,"caption":"Maite Duran"},"image":{"@id":"https:\/\/maiteduran.es\/ca\/#\/schema\/logo\/image\/"}}]}},"_links":{"self":[{"href":"https:\/\/maiteduran.es\/ca\/wp-json\/wp\/v2\/pages\/25332","targetHints":{"allow":["GET"]}}],"collection":[{"href":"https:\/\/maiteduran.es\/ca\/wp-json\/wp\/v2\/pages"}],"about":[{"href":"https:\/\/maiteduran.es\/ca\/wp-json\/wp\/v2\/types\/page"}],"author":[{"embeddable":true,"href":"https:\/\/maiteduran.es\/ca\/wp-json\/wp\/v2\/users\/1"}],"replies":[{"embeddable":true,"href":"https:\/\/maiteduran.es\/ca\/wp-json\/wp\/v2\/comments?post=25332"}],"version-history":[{"count":4,"href":"https:\/\/maiteduran.es\/ca\/wp-json\/wp\/v2\/pages\/25332\/revisions"}],"predecessor-version":[{"id":25514,"href":"https:\/\/maiteduran.es\/ca\/wp-json\/wp\/v2\/pages\/25332\/revisions\/25514"}],"wp:attachment":[{"href":"https:\/\/maiteduran.es\/ca\/wp-json\/wp\/v2\/media?parent=25332"}],"curies":[{"name":"wp","href":"https:\/\/api.w.org\/{rel}","templated":true}]}}