{"id":24833,"date":"2018-06-21T09:07:00","date_gmt":"2018-06-21T07:07:00","guid":{"rendered":"https:\/\/maiteduran.es\/politica-de-cookies\/"},"modified":"2026-03-13T10:21:10","modified_gmt":"2026-03-13T09:21:10","slug":"politica-de-cookies","status":"publish","type":"page","link":"https:\/\/maiteduran.es\/ca\/politica-de-cookies\/","title":{"rendered":"Pol\u00edtica de cookies"},"content":{"rendered":"\n<div class=\"wp-block-columns alignwide is-layout-flex wp-container-core-columns-is-layout-28f84493 wp-block-columns-is-layout-flex wpbbe-1\">\n<div class=\"wp-block-column is-layout-flow wp-block-column-is-layout-flow\">\n<p>Maria Teresa Duran Fabr\u00e9 informa sobre l&#8217;\u00fas de les cookies a la seva p\u00e0gina web: http:\/\/maiteduran.es\/<\/p>\n\n\n\n<h3 class=\"wp-block-heading\">Qu\u00e8 s\u00f3n les cookies?<\/h3>\n\n\n\n<p>Les cookies s\u00f3n fitxers que es poden descarregar al vostre equip des de les p\u00e0gines web. S\u00f3n eines amb un paper essencial en la prestaci\u00f3 de nombrosos serveis de la societat de la informaci\u00f3. Entre altres, permeten que una p\u00e0gina web emmagatzemi i recuperi informaci\u00f3 sobre els h\u00e0bits de navegaci\u00f3 d&#8217;un usuari o del seu equip. La informaci\u00f3 obtinguda pot utilitzar-se per a recon\u00e8ixer l&#8217;usuari i millorar el serveix que se li ofereix.<\/p>\n\n\n\n<h3 class=\"wp-block-heading\">Tipus de cookies<\/h3>\n\n\n\n<p>Segons qui sigui l&#8217;entitat que gestioni el domini des d&#8217;on s&#8217;envien les cookies i tracti les dades que s&#8217;obtinguin es poden distingir dos tipus:<\/p>\n\n\n\n<ul class=\"wp-block-list\">\n<li><strong>Cookies&nbsp;pr\u00f2pies:<\/strong> Aquelles que s&#8217;envien a l&#8217;equip terminal de l&#8217;usuari des d&#8217;un equip o domini gestionat pel propi editor i des del qual es presta el servei sol\u00b7licitat per l&#8217;usuari.<\/li>\n\n\n\n<li><strong>Cookies&nbsp;de tercers:<\/strong> Aquelles que s&#8217;envien a l&#8217;equip terminal de l&#8217;usuari des d&#8217;un equip o domini que no \u00e9s gestionat per l&#8217;editor, sin\u00f3 per una altra entitat que tracta les dades obtingudes mitjan\u00e7ant les cookies.<\/li>\n<\/ul>\n\n\n\n<p>En el cas que les&nbsp;cookies siguin instal\u00b7lades des d&#8217;un equip o domini gestionat pel propi editor per\u00f2 la informaci\u00f3 que es reculli mitjan\u00e7ant aquestes sigui gestionada per un tercer, no poden ser considerades com a cookies pr\u00f2pies.<\/p>\n\n\n\n<p>Existeix tamb\u00e9 una segona classificaci\u00f3 segons el&nbsp;per\u00edode de temps que romanen emmagatzemades al navegador del client, poden tractar-se de:<\/p>\n\n\n\n<ul class=\"wp-block-list\">\n<li><strong>Cookies&nbsp;de sessi\u00f3:<\/strong> Dissenyades per a captar i emmagatzemar dades mentre l&#8217;usuari accedeix a una p\u00e0gina web. Se solen emprar per emmagatzemar informaci\u00f3 que nom\u00e9s interessa conservar per a la prestaci\u00f3 del servei sol\u00b7licitat per l&#8217;usuari en una sola ocasi\u00f3 (p.e. una llista de productes adquirits).<\/li>\n\n\n\n<li><strong>Cookies&nbsp;persistents:<\/strong> Les dades segueixen emmagatzemats en el terminal i poden ser accessibles i tractades durant un per\u00edode definit pel responsable de la cookie, i que pot&nbsp;ser des d&#8217;uns minuts fins a diversos anys.<\/li>\n<\/ul>\n\n\n\n<p>Finalment, hi ha una altra classificaci\u00f3 amb sis tipus de cookies segons la finalitat&nbsp;amb la que es tracten les dades obtingudes:<\/p>\n\n\n\n<ul class=\"wp-block-list\">\n<li><strong>Cookies&nbsp;t\u00e8cniques:<\/strong> Aquelles que permeten a l&#8217;usuari la navegaci\u00f3 a trav\u00e9s d&#8217;una p\u00e0gina web, plataforma o aplicaci\u00f3 i la utilitzaci\u00f3 de les diferents opcions o serveis que en ella hi hagi com, per exemple, controlar el tr\u00e0nsit i la comunicaci\u00f3 de dades, identificar la sessi\u00f3, accedir a parts d&#8217;acc\u00e9s restringit, recordar els elements que integren una comanda, realitzar el proc\u00e9s de compra d&#8217;una comanda, realitzar la sol\u00b7licitud d&#8217;inscripci\u00f3 o participaci\u00f3 en un esdeveniment, utilitzar elements de seguretat durant la navegaci\u00f3, emmagatzemar continguts per a la difusi\u00f3 de v\u00eddeos o so o compartir continguts a trav\u00e9s de xarxes socials.<\/li>\n\n\n\n<li><strong>Cookies&nbsp;de personalitzaci\u00f3:<\/strong> Permeten a l&#8217;usuari accedir al servei amb algunes caracter\u00edstiques de car\u00e0cter general predefinides en funci\u00f3 d&#8217;una s\u00e8rie de criteris en el terminal de l&#8217;usuari com ara serien l&#8217;idioma, el tipus de navegador mitjan\u00e7ant el qual s&#8217;accedeix al servei, la configuraci\u00f3 regional des d&#8217;on s&#8217;accedeix al servei, etc.<\/li>\n\n\n\n<li><strong>Cookies&nbsp;d&#8217;an\u00e0lisi:<\/strong> Permeten al responsable dur a terme el seguiment i an\u00e0lisi del comportament dels usuaris dels llocs web als que estan vinculades. La informaci\u00f3 recollida mitjan\u00e7ant aquest tipus de cookies s&#8217;utilitza en el mesurament de l&#8217;activitat dels llocs web, aplicaci\u00f3 o plataforma i per a l&#8217;elaboraci\u00f3 de perfils de navegaci\u00f3 dels usuaris d&#8217;aquests llocs, aplicacions i plataformes, per tal d&#8217;introduir millores en funci\u00f3 de l&#8217;an\u00e0lisi de les dades d&#8217;\u00fas que fan els usuaris del servei.<\/li>\n\n\n\n<li><strong>Cookies&nbsp;publicit\u00e0ries:<\/strong> Permeten la gesti\u00f3, de la forma m\u00e9s efica\u00e7 possible, dels espais publicitaris.<\/li>\n\n\n\n<li><strong>Cookies&nbsp;de publicitat comportamental:<\/strong> Emmagatzemen informaci\u00f3 del comportament dels usuaris obtinguda a trav\u00e9s de l&#8217;observaci\u00f3 continuada dels seus h\u00e0bits de navegaci\u00f3, el que permet desenvolupar un perfil espec\u00edfic per a mostrar publicitat en funci\u00f3 d&#8217;aquests h\u00e0bits.<\/li>\n\n\n\n<li><strong>Cookies&nbsp;de xarxes socials externes:<\/strong> S&#8217;utilitzen per a qu\u00e8 els visitants puguin interactuar amb el contingut de diferents plataformes socials (facebook, youtube, twitter, linkedIn,&#8230;) i es generen \u00fanicament per als usuaris d&#8217;aquestes xarxes socials. Les condicions d&#8217;utilitzaci\u00f3 d&#8217;aquestes&nbsp;cookies&nbsp;i la informaci\u00f3 recopilada \u00e9s regulada per la pol\u00edtica de privacitat de la plataforma social corresponent.<\/li>\n<\/ul>\n\n\n\n<h3 class=\"wp-block-heading\">Tipus de cookies que utilitzem a\u00a0<a href=\"https:\/\/maiteduran.es\/ca\/\">maiteduran.es<\/a><\/h3>\n\n\n\n<div class=\"cky-audit-table-element\"><\/div>\n\n\n\n<h4 class=\"wp-block-heading\">Gestionar les prefer\u00e8ncies de cookies<\/h4>\n\n\n\n<p><a class=\"cky-banner-element\">Configuraci\u00f3 de les cookies<\/a><\/p>\n\n\n\n<p>Pots canviar les teves prefer\u00e8ncies de cookies en qualsevol moment fent clic al bot\u00f3 de dalt. Aix\u00f2 et permetr\u00e0 tornar a visitar el banner de consentiment de cookies i canviar les teves prefer\u00e8ncies o retirar el teu consentiment immediatament.<\/p>\n\n\n\n<h3 class=\"wp-block-heading\">Modificar la configuraci\u00f3 de les cookies<\/h3>\n\n\n\n<p>Tens l&#8217;opci\u00f3 de permetre, bloquejar o eliminar les cookies instal\u00b7lades al teu equip mitjan\u00e7ant la configuraci\u00f3 de les opcions del navegador. En desactivar les cookies, alguns dels serveis disponibles podrien deixar d&#8217;estar operatius. La manera de desactivar les cookies \u00e9s diferent a cada navegador, per\u00f2 normalment es pot fer des del men\u00fa <strong>Eines<\/strong> o<strong> Opcions<\/strong>. Tamb\u00e9 es pot consultar el men\u00fa d&#8217;<strong>Ajuda<\/strong> del navegador on pots trobar instruccions. L&#8217;usuari podr\u00e0 en qualsevol moment triar quines cookies vol que funcionin en aquest lloc web.<\/p>\n\n\n\n<ul class=\"wp-block-list\">\n<li><a href=\"http:\/\/www.google.es\/intl\/ca\/policies\/technologies\/managing\/\" target=\"_blank\" rel=\"noreferrer noopener\">Chrome<\/a><\/li>\n\n\n\n<li><a href=\"http:\/\/support.mozilla.org\/ca\/kb\/Galetes\" target=\"_blank\" rel=\"noreferrer noopener\">Firefox<\/a><\/li>\n\n\n\n<li><a href=\"https:\/\/support.microsoft.com\/es-es\/windows\/administrar-cookies-en-microsoft-edge-ver-permitir-bloquear-eliminar-y-usar-168dab11-0753-043d-7c16-ede5947fc64d\" target=\"_blank\" rel=\"noreferrer noopener\">Microsoft Edge<\/a> (castell\u00e0)<\/li>\n\n\n\n<li><a href=\"https:\/\/support.apple.com\/kb\/PH21411?locale=es_ES&amp;viewlocale=es_ES\" target=\"_blank\" rel=\"noreferrer noopener\">Safari<\/a>&nbsp;(castell\u00e0)<\/li>\n<\/ul>\n\n\n\n<p>A m\u00e9s, tamb\u00e9 podeu gestionar l&#8217;emmagatzematge de cookies en el navegador mitjan\u00e7ant eines com les seg\u00fcents:<\/p>\n\n\n\n<p>Ghostery: <a href=\"http:\/\/www.ghostery.com\/\" target=\"_blank\" rel=\"noreferrer noopener\">www.ghostery.com\/<\/a><br>Your online choices: <a href=\"http:\/\/www.youronlinechoices.com\/es\/\" target=\"_blank\" rel=\"noreferrer noopener\">www.youronlinechoices.com\/es\/<\/a><\/p>\n\n\n\n<h3 class=\"wp-block-heading\">Acceptaci\u00f3 de la pol\u00edtica de cookies<\/h3>\n\n\n\n<p><a href=\"http:\/\/maiteduran.es\/ca\/\">Maiteduran.es<\/a> suposa que accepteu l&#8217;\u00fas de cookies. No obstant aix\u00f2, presenta informaci\u00f3 sobre la seva pol\u00edtica de cookies en la part inferior de qualsevol p\u00e0gina del portal amb cada inici de sessi\u00f3 per tal que l&#8217;usuari en sigui conscient.<\/p>\n\n\n\n<p>Davant d&#8217;aquesta informaci\u00f3 es poden dur a terme les accions seg\u00fcents:<\/p>\n\n\n\n<ul class=\"wp-block-list\">\n<li><strong>Acceptar cookies. <\/strong>No es tornar\u00e0 a visualitzar aquest av\u00eds quan s&#8217;accedeixi a qualsevol p\u00e0gina del portal durant la present sessi\u00f3.<\/li>\n\n\n\n<li><strong>Tancar. <\/strong>S&#8217;oculta l&#8217;av\u00eds en la present p\u00e0gina.<\/li>\n\n\n\n<li><strong>Modificar la configuraci\u00f3. <\/strong>Podreu obtenir m\u00e9s informaci\u00f3 sobre qu\u00e8 s\u00f3n les cookies, con\u00e8ixer la pol\u00edtica de cookies i modificar la configuraci\u00f3 del vostre navegador.<\/li>\n<\/ul>\n<\/div>\n<\/div>\n","protected":false},"excerpt":{"rendered":"<p>Maria Teresa Duran Fabr\u00e9 informa sobre l&#8217;\u00fas de les cookies a la seva p\u00e0gina web: http:\/\/maiteduran.es\/ Qu\u00e8 s\u00f3n les cookies? Les cookies s\u00f3n fitxers que es poden descarregar al vostre equip des de les p\u00e0gines web. S\u00f3n eines amb un paper essencial en la prestaci\u00f3 de nombrosos serveis de la societat de la informaci\u00f3. Entre [&hellip;]<\/p>\n","protected":false},"author":1,"featured_media":0,"parent":0,"menu_order":0,"comment_status":"closed","ping_status":"closed","template":"","meta":{"footnotes":""},"class_list":["post-24833","page","type-page","status-publish","hentry"],"yoast_head":"<!-- This site is optimized with the Yoast SEO plugin v27.1.1 - https:\/\/yoast.com\/product\/yoast-seo-wordpress\/ -->\n<title>Pol\u00edtica de cookies - Maite Duran<\/title>\n<meta name=\"robots\" content=\"index, follow, max-snippet:-1, max-image-preview:large, max-video-preview:-1\" \/>\n<link rel=\"canonical\" href=\"https:\/\/maiteduran.es\/ca\/politica-de-cookies\/\" \/>\n<meta property=\"og:locale\" content=\"ca_ES\" \/>\n<meta property=\"og:type\" content=\"article\" \/>\n<meta property=\"og:title\" content=\"Pol\u00edtica de cookies - Maite Duran\" \/>\n<meta property=\"og:description\" content=\"Maria Teresa Duran Fabr\u00e9 informa sobre l&#8217;\u00fas de les cookies a la seva p\u00e0gina web: http:\/\/maiteduran.es\/ Qu\u00e8 s\u00f3n les cookies? Les cookies s\u00f3n fitxers que es poden descarregar al vostre equip des de les p\u00e0gines web. S\u00f3n eines amb un paper essencial en la prestaci\u00f3 de nombrosos serveis de la societat de la informaci\u00f3. Entre [&hellip;]\" \/>\n<meta property=\"og:url\" content=\"https:\/\/maiteduran.es\/ca\/politica-de-cookies\/\" \/>\n<meta property=\"og:site_name\" content=\"Maite Duran\" \/>\n<meta property=\"article:modified_time\" content=\"2026-03-13T09:21:10+00:00\" \/>\n<meta name=\"twitter:card\" content=\"summary_large_image\" \/>\n<meta name=\"twitter:label1\" content=\"Temps estimat de lectura\" \/>\n\t<meta name=\"twitter:data1\" content=\"5 minuts\" \/>\n<script type=\"application\/ld+json\" class=\"yoast-schema-graph\">{\"@context\":\"https:\/\/schema.org\",\"@graph\":[{\"@type\":\"WebPage\",\"@id\":\"https:\/\/maiteduran.es\/ca\/politica-de-cookies\/\",\"url\":\"https:\/\/maiteduran.es\/ca\/politica-de-cookies\/\",\"name\":\"Pol\u00edtica de cookies - Maite Duran\",\"isPartOf\":{\"@id\":\"https:\/\/maiteduran.es\/ca\/#website\"},\"datePublished\":\"2018-06-21T07:07:00+00:00\",\"dateModified\":\"2026-03-13T09:21:10+00:00\",\"breadcrumb\":{\"@id\":\"https:\/\/maiteduran.es\/ca\/politica-de-cookies\/#breadcrumb\"},\"inLanguage\":\"ca\",\"potentialAction\":[{\"@type\":\"ReadAction\",\"target\":[\"https:\/\/maiteduran.es\/ca\/politica-de-cookies\/\"]}]},{\"@type\":\"BreadcrumbList\",\"@id\":\"https:\/\/maiteduran.es\/ca\/politica-de-cookies\/#breadcrumb\",\"itemListElement\":[{\"@type\":\"ListItem\",\"position\":1,\"name\":\"Portada\",\"item\":\"https:\/\/maiteduran.es\/ca\/\"},{\"@type\":\"ListItem\",\"position\":2,\"name\":\"Pol\u00edtica de cookies\"}]},{\"@type\":\"WebSite\",\"@id\":\"https:\/\/maiteduran.es\/ca\/#website\",\"url\":\"https:\/\/maiteduran.es\/ca\/\",\"name\":\"Maite Duran\",\"description\":\"\",\"publisher\":{\"@id\":\"https:\/\/maiteduran.es\/ca\/#organization\"},\"potentialAction\":[{\"@type\":\"SearchAction\",\"target\":{\"@type\":\"EntryPoint\",\"urlTemplate\":\"https:\/\/maiteduran.es\/ca\/?s={search_term_string}\"},\"query-input\":{\"@type\":\"PropertyValueSpecification\",\"valueRequired\":true,\"valueName\":\"search_term_string\"}}],\"inLanguage\":\"ca\"},{\"@type\":\"Organization\",\"@id\":\"https:\/\/maiteduran.es\/ca\/#organization\",\"name\":\"Maite Duran\",\"url\":\"https:\/\/maiteduran.es\/ca\/\",\"logo\":{\"@type\":\"ImageObject\",\"inLanguage\":\"ca\",\"@id\":\"https:\/\/maiteduran.es\/ca\/#\/schema\/logo\/image\/\",\"url\":\"https:\/\/maiteduran.es\/wp-content\/uploads\/2022\/03\/logo-maiteduran-web.png\",\"contentUrl\":\"https:\/\/maiteduran.es\/wp-content\/uploads\/2022\/03\/logo-maiteduran-web.png\",\"width\":864,\"height\":226,\"caption\":\"Maite Duran\"},\"image\":{\"@id\":\"https:\/\/maiteduran.es\/ca\/#\/schema\/logo\/image\/\"}}]}<\/script>\n<!-- \/ Yoast SEO plugin. -->","yoast_head_json":{"title":"Pol\u00edtica de cookies - Maite Duran","robots":{"index":"index","follow":"follow","max-snippet":"max-snippet:-1","max-image-preview":"max-image-preview:large","max-video-preview":"max-video-preview:-1"},"canonical":"https:\/\/maiteduran.es\/ca\/politica-de-cookies\/","og_locale":"ca_ES","og_type":"article","og_title":"Pol\u00edtica de cookies - Maite Duran","og_description":"Maria Teresa Duran Fabr\u00e9 informa sobre l&#8217;\u00fas de les cookies a la seva p\u00e0gina web: http:\/\/maiteduran.es\/ Qu\u00e8 s\u00f3n les cookies? Les cookies s\u00f3n fitxers que es poden descarregar al vostre equip des de les p\u00e0gines web. S\u00f3n eines amb un paper essencial en la prestaci\u00f3 de nombrosos serveis de la societat de la informaci\u00f3. Entre [&hellip;]","og_url":"https:\/\/maiteduran.es\/ca\/politica-de-cookies\/","og_site_name":"Maite Duran","article_modified_time":"2026-03-13T09:21:10+00:00","twitter_card":"summary_large_image","twitter_misc":{"Temps estimat de lectura":"5 minuts"},"schema":{"@context":"https:\/\/schema.org","@graph":[{"@type":"WebPage","@id":"https:\/\/maiteduran.es\/ca\/politica-de-cookies\/","url":"https:\/\/maiteduran.es\/ca\/politica-de-cookies\/","name":"Pol\u00edtica de cookies - Maite Duran","isPartOf":{"@id":"https:\/\/maiteduran.es\/ca\/#website"},"datePublished":"2018-06-21T07:07:00+00:00","dateModified":"2026-03-13T09:21:10+00:00","breadcrumb":{"@id":"https:\/\/maiteduran.es\/ca\/politica-de-cookies\/#breadcrumb"},"inLanguage":"ca","potentialAction":[{"@type":"ReadAction","target":["https:\/\/maiteduran.es\/ca\/politica-de-cookies\/"]}]},{"@type":"BreadcrumbList","@id":"https:\/\/maiteduran.es\/ca\/politica-de-cookies\/#breadcrumb","itemListElement":[{"@type":"ListItem","position":1,"name":"Portada","item":"https:\/\/maiteduran.es\/ca\/"},{"@type":"ListItem","position":2,"name":"Pol\u00edtica de cookies"}]},{"@type":"WebSite","@id":"https:\/\/maiteduran.es\/ca\/#website","url":"https:\/\/maiteduran.es\/ca\/","name":"Maite Duran","description":"","publisher":{"@id":"https:\/\/maiteduran.es\/ca\/#organization"},"potentialAction":[{"@type":"SearchAction","target":{"@type":"EntryPoint","urlTemplate":"https:\/\/maiteduran.es\/ca\/?s={search_term_string}"},"query-input":{"@type":"PropertyValueSpecification","valueRequired":true,"valueName":"search_term_string"}}],"inLanguage":"ca"},{"@type":"Organization","@id":"https:\/\/maiteduran.es\/ca\/#organization","name":"Maite Duran","url":"https:\/\/maiteduran.es\/ca\/","logo":{"@type":"ImageObject","inLanguage":"ca","@id":"https:\/\/maiteduran.es\/ca\/#\/schema\/logo\/image\/","url":"https:\/\/maiteduran.es\/wp-content\/uploads\/2022\/03\/logo-maiteduran-web.png","contentUrl":"https:\/\/maiteduran.es\/wp-content\/uploads\/2022\/03\/logo-maiteduran-web.png","width":864,"height":226,"caption":"Maite Duran"},"image":{"@id":"https:\/\/maiteduran.es\/ca\/#\/schema\/logo\/image\/"}}]}},"_links":{"self":[{"href":"https:\/\/maiteduran.es\/ca\/wp-json\/wp\/v2\/pages\/24833","targetHints":{"allow":["GET"]}}],"collection":[{"href":"https:\/\/maiteduran.es\/ca\/wp-json\/wp\/v2\/pages"}],"about":[{"href":"https:\/\/maiteduran.es\/ca\/wp-json\/wp\/v2\/types\/page"}],"author":[{"embeddable":true,"href":"https:\/\/maiteduran.es\/ca\/wp-json\/wp\/v2\/users\/1"}],"replies":[{"embeddable":true,"href":"https:\/\/maiteduran.es\/ca\/wp-json\/wp\/v2\/comments?post=24833"}],"version-history":[{"count":5,"href":"https:\/\/maiteduran.es\/ca\/wp-json\/wp\/v2\/pages\/24833\/revisions"}],"predecessor-version":[{"id":25579,"href":"https:\/\/maiteduran.es\/ca\/wp-json\/wp\/v2\/pages\/24833\/revisions\/25579"}],"wp:attachment":[{"href":"https:\/\/maiteduran.es\/ca\/wp-json\/wp\/v2\/media?parent=24833"}],"curies":[{"name":"wp","href":"https:\/\/api.w.org\/{rel}","templated":true}]}}