{"id":24827,"date":"2026-02-26T10:19:18","date_gmt":"2026-02-26T09:19:18","guid":{"rendered":"https:\/\/maiteduran.es\/accesibilidad\/"},"modified":"2026-03-05T15:49:16","modified_gmt":"2026-03-05T14:49:16","slug":"accessibilitat","status":"publish","type":"page","link":"https:\/\/maiteduran.es\/ca\/accessibilitat\/","title":{"rendered":"Accessibilitat"},"content":{"rendered":"\n<div class=\"wp-block-columns alignwide is-layout-flex wp-container-core-columns-is-layout-28f84493 wp-block-columns-is-layout-flex wpbbe-1\">\n<div class=\"wp-block-column is-layout-flow wp-block-column-is-layout-flow\">\n<p><strong>Maite Dur\u00e1n<\/strong> s&#8217;ha comprom\u00e8s a fer accessible el seu lloc web de conformitat amb la Normativa Europea EN 301 549 V3.2.1 (2021-03), sobre Requisits d&#8217;accessibilitat per a productes i serveis TIC.<\/p>\n\n\n\n<p>Aquesta declaraci\u00f3 d&#8217;accessibilitat s&#8217;aplica al lloc web <a href=\"https:\/\/maiteduran.es\/\">https:\/\/maiteduran.es\/<\/a>&nbsp;(els subdominis d&#8217;aquest lloc web tindran les vostres pr\u00f2pies declaracions d&#8217;accessibilitat).<\/p>\n\n\n\n<p><strong>Situaci\u00f3 de compliment<\/strong><\/p>\n\n\n\n<p>Aquest lloc web \u00e9s <strong>plenament conforme <\/strong>amb la Normativa Europea EN 301 549 V3.2.1 (2021-03)<\/p>\n\n\n\n<p><strong>Preparaci\u00f3 de la present declaraci\u00f3 d&#8217;accessibilitat<\/strong><\/p>\n\n\n\n<p>La present declaraci\u00f3 va ser redactada el 26 de febrer de 2026.<\/p>\n\n\n\n<p>El m\u00e8tode utilitzat per preparar la declaraci\u00f3 ha estat una autoavaluaci\u00f3 duta a terme per la pr\u00f2pia empresa de desenvolupament web (agent digitalitzador).<\/p>\n\n\n\n<p><strong>Observacions i dades de contacte<\/strong><\/p>\n\n\n\n<p>Podeu fer comunicacions sobre requisits d&#8217;accessibilitat, com ara:<\/p>\n\n\n\n<ul class=\"wp-block-list\">\n<li>Informar sobre qualsevol possible incompliment per part d&#8217;aquest lloc web.<\/li>\n\n\n\n<li>Transmetre altres dificultats d&#8217;acc\u00e9s al contingut.<\/li>\n\n\n\n<li>Formular qualsevol altra consulta o suggeriment de millora relativa a l&#8217;accessibilitat del lloc web.<\/li>\n<\/ul>\n\n\n\n<p>A trav\u00e9s del correu electr\u00f2nic&nbsp;<a href=\"mailto:mduranfa@gmail.com\">mduranfa@gmail.com<\/a>.<\/p>\n\n\n\n<p>Tamb\u00e9 podeu sol\u00b7licitar en format accessible informaci\u00f3 que no compleixi amb els requisits d&#8217;accessibilitat b\u00e9 per estar exclosa, b\u00e9 per estar exempta per c\u00e0rrega desproporcionada; o formular una queixa per incompliment dels requisits daccessibilitat.<\/p>\n\n\n\n<p><strong>Contingut opcional<\/strong><\/p>\n\n\n\n<p>La versi\u00f3 actualment visible d&#8217;aquest lloc web \u00e9s del febrer del 2026 i en aquesta data es va fer la revisi\u00f3 del nivell d&#8217;accessibilitat vigent en aquell moment.<\/p>\n\n\n\n<p>A partir de la data esmentada es duen a terme revisions parcials del contingut web nou o modificat, tant de les plantilles com de les p\u00e0gines i documents finals publicats, a fi d&#8217;assegurar el compliment dels requeriments d&#8217;accessibilitat de la Norma EN 301 549 V3.2.1 (2021-03).<\/p>\n\n\n\n<p>Entre altres s&#8217;adopten les mesures seg\u00fcents per facilitar l&#8217;accessibilitat:<\/p>\n\n\n\n<ul class=\"wp-block-list\">\n<li>Utilitzaci\u00f3 de text alternatiu a les imatges, excepte a les imatges merament decoratives<\/li>\n\n\n\n<li>\u00das dels est\u00e0ndards del W3C: XHTML 1.0, CSS 3.0, WAI AA.<\/li>\n<\/ul>\n\n\n\n<p>El lloc web est\u00e0 optimitzat per a les darreres versions vigents dels navegadors Edge, FireFox, Safari, Opera i Google Chrome. La resoluci\u00f3 web m\u00ednima recomanada \u00e9s de 1280\u00d71024.<\/p>\n\n\n\n<p>El lloc web est\u00e0 dissenyat per a la visualitzaci\u00f3 Responsive (adaptable), de manera que es visualitza de forma \u00f2ptima en els dispositius m\u00f2bils (tablet i smartphones). En aquests dispositius est\u00e0 optimitzat per visualitzar-lo en les \u00faltimes versions vigents de Chrome for mobile, Firefox for mobile, Safari mobile, Opera Mini i navegador nadiu d&#8217;Android.<\/p>\n<\/div>\n<\/div>\n","protected":false},"excerpt":{"rendered":"<p>Maite Dur\u00e1n s&#8217;ha comprom\u00e8s a fer accessible el seu lloc web de conformitat amb la Normativa Europea EN 301 549 V3.2.1 (2021-03), sobre Requisits d&#8217;accessibilitat per a productes i serveis TIC. Aquesta declaraci\u00f3 d&#8217;accessibilitat s&#8217;aplica al lloc web https:\/\/maiteduran.es\/&nbsp;(els subdominis d&#8217;aquest lloc web tindran les vostres pr\u00f2pies declaracions d&#8217;accessibilitat). Situaci\u00f3 de compliment Aquest lloc web [&hellip;]<\/p>\n","protected":false},"author":1,"featured_media":0,"parent":0,"menu_order":0,"comment_status":"closed","ping_status":"closed","template":"","meta":{"footnotes":""},"class_list":["post-24827","page","type-page","status-publish","hentry"],"yoast_head":"<!-- This site is optimized with the Yoast SEO plugin v27.1.1 - https:\/\/yoast.com\/product\/yoast-seo-wordpress\/ -->\n<title>Accessibilitat - Maite Duran<\/title>\n<meta name=\"robots\" content=\"index, follow, max-snippet:-1, max-image-preview:large, max-video-preview:-1\" \/>\n<link rel=\"canonical\" href=\"https:\/\/maiteduran.es\/ca\/accessibilitat\/\" \/>\n<meta property=\"og:locale\" content=\"ca_ES\" \/>\n<meta property=\"og:type\" content=\"article\" \/>\n<meta property=\"og:title\" content=\"Accessibilitat - Maite Duran\" \/>\n<meta property=\"og:description\" content=\"Maite Dur\u00e1n s&#8217;ha comprom\u00e8s a fer accessible el seu lloc web de conformitat amb la Normativa Europea EN 301 549 V3.2.1 (2021-03), sobre Requisits d&#8217;accessibilitat per a productes i serveis TIC. Aquesta declaraci\u00f3 d&#8217;accessibilitat s&#8217;aplica al lloc web https:\/\/maiteduran.es\/&nbsp;(els subdominis d&#8217;aquest lloc web tindran les vostres pr\u00f2pies declaracions d&#8217;accessibilitat). Situaci\u00f3 de compliment Aquest lloc web [&hellip;]\" \/>\n<meta property=\"og:url\" content=\"https:\/\/maiteduran.es\/ca\/accessibilitat\/\" \/>\n<meta property=\"og:site_name\" content=\"Maite Duran\" \/>\n<meta property=\"article:modified_time\" content=\"2026-03-05T14:49:16+00:00\" \/>\n<meta name=\"twitter:card\" content=\"summary_large_image\" \/>\n<meta name=\"twitter:label1\" content=\"Temps estimat de lectura\" \/>\n\t<meta name=\"twitter:data1\" content=\"2 minuts\" \/>\n<script type=\"application\/ld+json\" class=\"yoast-schema-graph\">{\"@context\":\"https:\/\/schema.org\",\"@graph\":[{\"@type\":\"WebPage\",\"@id\":\"https:\/\/maiteduran.es\/ca\/accessibilitat\/\",\"url\":\"https:\/\/maiteduran.es\/ca\/accessibilitat\/\",\"name\":\"Accessibilitat - Maite Duran\",\"isPartOf\":{\"@id\":\"https:\/\/maiteduran.es\/ca\/#website\"},\"datePublished\":\"2026-02-26T09:19:18+00:00\",\"dateModified\":\"2026-03-05T14:49:16+00:00\",\"breadcrumb\":{\"@id\":\"https:\/\/maiteduran.es\/ca\/accessibilitat\/#breadcrumb\"},\"inLanguage\":\"ca\",\"potentialAction\":[{\"@type\":\"ReadAction\",\"target\":[\"https:\/\/maiteduran.es\/ca\/accessibilitat\/\"]}]},{\"@type\":\"BreadcrumbList\",\"@id\":\"https:\/\/maiteduran.es\/ca\/accessibilitat\/#breadcrumb\",\"itemListElement\":[{\"@type\":\"ListItem\",\"position\":1,\"name\":\"Portada\",\"item\":\"https:\/\/maiteduran.es\/ca\/\"},{\"@type\":\"ListItem\",\"position\":2,\"name\":\"Accessibilitat\"}]},{\"@type\":\"WebSite\",\"@id\":\"https:\/\/maiteduran.es\/ca\/#website\",\"url\":\"https:\/\/maiteduran.es\/ca\/\",\"name\":\"Maite Duran\",\"description\":\"\",\"publisher\":{\"@id\":\"https:\/\/maiteduran.es\/ca\/#organization\"},\"potentialAction\":[{\"@type\":\"SearchAction\",\"target\":{\"@type\":\"EntryPoint\",\"urlTemplate\":\"https:\/\/maiteduran.es\/ca\/?s={search_term_string}\"},\"query-input\":{\"@type\":\"PropertyValueSpecification\",\"valueRequired\":true,\"valueName\":\"search_term_string\"}}],\"inLanguage\":\"ca\"},{\"@type\":\"Organization\",\"@id\":\"https:\/\/maiteduran.es\/ca\/#organization\",\"name\":\"Maite Duran\",\"url\":\"https:\/\/maiteduran.es\/ca\/\",\"logo\":{\"@type\":\"ImageObject\",\"inLanguage\":\"ca\",\"@id\":\"https:\/\/maiteduran.es\/ca\/#\/schema\/logo\/image\/\",\"url\":\"https:\/\/maiteduran.es\/wp-content\/uploads\/2022\/03\/logo-maiteduran-web.png\",\"contentUrl\":\"https:\/\/maiteduran.es\/wp-content\/uploads\/2022\/03\/logo-maiteduran-web.png\",\"width\":864,\"height\":226,\"caption\":\"Maite Duran\"},\"image\":{\"@id\":\"https:\/\/maiteduran.es\/ca\/#\/schema\/logo\/image\/\"}}]}<\/script>\n<!-- \/ Yoast SEO plugin. -->","yoast_head_json":{"title":"Accessibilitat - Maite Duran","robots":{"index":"index","follow":"follow","max-snippet":"max-snippet:-1","max-image-preview":"max-image-preview:large","max-video-preview":"max-video-preview:-1"},"canonical":"https:\/\/maiteduran.es\/ca\/accessibilitat\/","og_locale":"ca_ES","og_type":"article","og_title":"Accessibilitat - Maite Duran","og_description":"Maite Dur\u00e1n s&#8217;ha comprom\u00e8s a fer accessible el seu lloc web de conformitat amb la Normativa Europea EN 301 549 V3.2.1 (2021-03), sobre Requisits d&#8217;accessibilitat per a productes i serveis TIC. Aquesta declaraci\u00f3 d&#8217;accessibilitat s&#8217;aplica al lloc web https:\/\/maiteduran.es\/&nbsp;(els subdominis d&#8217;aquest lloc web tindran les vostres pr\u00f2pies declaracions d&#8217;accessibilitat). Situaci\u00f3 de compliment Aquest lloc web [&hellip;]","og_url":"https:\/\/maiteduran.es\/ca\/accessibilitat\/","og_site_name":"Maite Duran","article_modified_time":"2026-03-05T14:49:16+00:00","twitter_card":"summary_large_image","twitter_misc":{"Temps estimat de lectura":"2 minuts"},"schema":{"@context":"https:\/\/schema.org","@graph":[{"@type":"WebPage","@id":"https:\/\/maiteduran.es\/ca\/accessibilitat\/","url":"https:\/\/maiteduran.es\/ca\/accessibilitat\/","name":"Accessibilitat - Maite Duran","isPartOf":{"@id":"https:\/\/maiteduran.es\/ca\/#website"},"datePublished":"2026-02-26T09:19:18+00:00","dateModified":"2026-03-05T14:49:16+00:00","breadcrumb":{"@id":"https:\/\/maiteduran.es\/ca\/accessibilitat\/#breadcrumb"},"inLanguage":"ca","potentialAction":[{"@type":"ReadAction","target":["https:\/\/maiteduran.es\/ca\/accessibilitat\/"]}]},{"@type":"BreadcrumbList","@id":"https:\/\/maiteduran.es\/ca\/accessibilitat\/#breadcrumb","itemListElement":[{"@type":"ListItem","position":1,"name":"Portada","item":"https:\/\/maiteduran.es\/ca\/"},{"@type":"ListItem","position":2,"name":"Accessibilitat"}]},{"@type":"WebSite","@id":"https:\/\/maiteduran.es\/ca\/#website","url":"https:\/\/maiteduran.es\/ca\/","name":"Maite Duran","description":"","publisher":{"@id":"https:\/\/maiteduran.es\/ca\/#organization"},"potentialAction":[{"@type":"SearchAction","target":{"@type":"EntryPoint","urlTemplate":"https:\/\/maiteduran.es\/ca\/?s={search_term_string}"},"query-input":{"@type":"PropertyValueSpecification","valueRequired":true,"valueName":"search_term_string"}}],"inLanguage":"ca"},{"@type":"Organization","@id":"https:\/\/maiteduran.es\/ca\/#organization","name":"Maite Duran","url":"https:\/\/maiteduran.es\/ca\/","logo":{"@type":"ImageObject","inLanguage":"ca","@id":"https:\/\/maiteduran.es\/ca\/#\/schema\/logo\/image\/","url":"https:\/\/maiteduran.es\/wp-content\/uploads\/2022\/03\/logo-maiteduran-web.png","contentUrl":"https:\/\/maiteduran.es\/wp-content\/uploads\/2022\/03\/logo-maiteduran-web.png","width":864,"height":226,"caption":"Maite Duran"},"image":{"@id":"https:\/\/maiteduran.es\/ca\/#\/schema\/logo\/image\/"}}]}},"_links":{"self":[{"href":"https:\/\/maiteduran.es\/ca\/wp-json\/wp\/v2\/pages\/24827","targetHints":{"allow":["GET"]}}],"collection":[{"href":"https:\/\/maiteduran.es\/ca\/wp-json\/wp\/v2\/pages"}],"about":[{"href":"https:\/\/maiteduran.es\/ca\/wp-json\/wp\/v2\/types\/page"}],"author":[{"embeddable":true,"href":"https:\/\/maiteduran.es\/ca\/wp-json\/wp\/v2\/users\/1"}],"replies":[{"embeddable":true,"href":"https:\/\/maiteduran.es\/ca\/wp-json\/wp\/v2\/comments?post=24827"}],"version-history":[{"count":3,"href":"https:\/\/maiteduran.es\/ca\/wp-json\/wp\/v2\/pages\/24827\/revisions"}],"predecessor-version":[{"id":24832,"href":"https:\/\/maiteduran.es\/ca\/wp-json\/wp\/v2\/pages\/24827\/revisions\/24832"}],"wp:attachment":[{"href":"https:\/\/maiteduran.es\/ca\/wp-json\/wp\/v2\/media?parent=24827"}],"curies":[{"name":"wp","href":"https:\/\/api.w.org\/{rel}","templated":true}]}}